{"id":7344,"date":"2018-05-15T15:48:58","date_gmt":"2018-05-15T15:48:58","guid":{"rendered":"http:\/\/eregistar.capljina.ba\/?page_id=7344"},"modified":"2018-05-15T15:49:31","modified_gmt":"2018-05-15T15:49:31","slug":"sluzba-drustvenih-djelatnosti","status":"publish","type":"page","link":"https:\/\/eregistar.capljina.ba\/en\/sluzba-drustvenih-djelatnosti\/","title":{"rendered":"Slu\u017eba dru\u0161tvenih djelatnosti"},"content":{"rendered":"<div class=\"wpb_row vc_row  mk-fullwidth-false  attched-false    vc_row-fluid  js-master-row\">\r\n\t\t\r\n\t\t\t\r\n<div style=\"\" class=\"vc_col-sm-12 wpb_column column_container  _ height-full\">\r\n\t<div class=\"vc_wp_search wpb_content_element\"><div class=\"widget widget_search\"><form class=\"mk-searchform\" method=\"get\" id=\"searchform\" action=\"https:\/\/eregistar.capljina.ba\/en\/\" data-trp-original-action=\"https:\/\/eregistar.capljina.ba\/en\">\r\n\r\n\t<input type=\"text\" class=\"text-input\" placeholder=\"Pretraga\" value=\"\" name=\"s\" id=\"s\" \/>\r\n\r\n\t<i><input value=\"\" type=\"submit\" class=\"search-button\" \/><svg  class=\"mk-svg-icon\" data-name=\"mk-icon-search\" data-cacheid=\"icon-69f461f9c9d15\" xmlns=\"http:\/\/www.w3.org\/2000\/svg\" viewbox=\"0 0 1664 1792\"><path d=\"M1152 832q0-185-131.5-316.5t-316.5-131.5-316.5 131.5-131.5 316.5 131.5 316.5 316.5 131.5 316.5-131.5 131.5-316.5zm512 832q0 52-38 90t-90 38q-54 0-90-38l-343-342q-179 124-399 124-143 0-273.5-55.5t-225-150-150-225-55.5-273.5 55.5-273.5 150-225 225-150 273.5-55.5 273.5 55.5 225 150 150 225 55.5 273.5q0 220-124 399l343 343q37 37 37 90z\"\/><\/svg><\/i>\r\n\r\n<input type=\"hidden\" name=\"trp-form-language\" value=\"en\"\/><\/form> <\/div><\/div><\/div>\r\n\t<\/div>\r\n\r\n\r\n\r\n<div class=\"wpb_row vc_row  mk-fullwidth-false  attched-false    vc_row-fluid  js-master-row\">\r\n\t\t\r\n\t\t\t\r\n<div style=\"\" class=\"vc_col-sm-12 wpb_column column_container  _ height-full\">\r\n\t\r\n<div class=\"portfolio-grid\">\r\n\r\n\r\n    <section id=\"loop-1\" data-query=\"eyJwb3N0X3R5cGUiOiJwb3J0Zm9saW8iLCJjb3VudCI6Ii0xIiwib2Zmc2V0IjowLCJjYXRlZ29yaWVzIjoic2x1emJhLWRydXN0dmVuaWgtZGplbGF0bm9zdGkiLCJhdXRob3IiOiIiLCJwb3N0cyI6IiIsIm9yZGVyYnkiOiJkYXRlIiwib3JkZXIiOiJERVNDIn0=\" data-loop-atts=\"eyJzaG9ydGNvZGVfbmFtZSI6Im1rX3BvcnRmb2xpbyIsInN0eWxlIjoiY2xhc3NpYyIsImNvbHVtbiI6IjEiLCJhamF4IjoiZmFsc2UiLCJsYXlvdXQiOm51bGwsImhlaWdodCI6IjciLCJwYWdpbmF0aW9uIjoiZmFsc2UiLCJ0YXJnZXQiOiJfc2VsZiIsIm1ldGFfdHlwZSI6ImNhdGVnb3J5IiwicGVybWFsaW5rX2ljb24iOiJ0cnVlIiwiem9vbV9pY29uIjoiZmFsc2UiLCJncmlkX3NwYWNpbmciOjQsImhvdmVyX3NjZW5hcmlvcyI6InNsaWRlYm94IiwiaW1hZ2Vfc2l6ZSI6ImNyb3AiLCJleGNlcnB0X2xlbmd0aCI6MjAwLCJyIjowfQ==\" data-pagination-style=\"0\" data-max-pages=\"0\" data-loop-iterator=\"-1\" data-loop-categories=\"sluzba-drustvenih-djelatnosti\" data-loop-author=\"\" data-loop-posts=\"\" data-mk-component=\"Grid\" data-grid-config='{\"container\":\"#loop-1\", \"item\":\".mk-portfolio-item\"}' class=\"mk-portfolio-container js-loop js-el mk-portfolio-classic grid-spacing-true  clearfix\">\r\n    <div class=\"portfolio-loader\"><div><div class=\"mk-preloader\"><\/div><\/div><\/div>\r\n    \r\n\r\n\r\n<article id=\"7519\" class=\"mk-portfolio-item mk-portfolio-classic-item one-column administrativni-postupci drustvene-djelatnosti sluzba-drustvenih-djelatnosti\">\r\n    <div class=\"item-holder\">\r\n                <div class=\"featured-image js-taphover\">\r\n            <img loading=\"lazy\" decoding=\"async\" alt=\"05.01.   Prijevremeni upis djece u I razred osnovne \u0161kole\" title=\"05.01.   Prijevremeni upis djece u I razred osnovne \u0161kole\" src=\"https:\/\/eregistar.capljina.ba\/wp-content\/uploads\/bfi_thumb\/dummy-transparent-mtvazs4x65493jg37cimuev6o5yvclm1zauc1wmtvq.png\" data-mk-image-src-set='{\"default\":\"https:\\\/\\\/eregistar.capljina.ba\\\/wp-content\\\/uploads\\\/bfi_thumb\\\/banner-op-1n-nq7hc01lfqjktlm84xuqnf58hmjm9vdh12syqpf4cm.jpg\",\"2x\":\"\",\"mobile\":\"https:\\\/\\\/eregistar.capljina.ba\\\/wp-content\\\/uploads\\\/bfi_thumb\\\/banner-op-1n-3106csy62elcilrx5uiy5rert88s3prdwyaawihqo6zqf6la4.jpg\"}' width=\"770\" height=\"7\"  \/>\r\n            <div class=\"image-hover-overlay\"><\/div>\r\n            \r\n<a class=\"hover-icon from-left project-load\" target=\"_self\" href=\"https:\/\/eregistar.capljina.ba\/en\/registar\/05-01-prijevremeni-upis-djece-u-i-razred-osnovne-skole\/\" data-post-id=\"7519\"><svg  class=\"mk-svg-icon\" data-name=\"mk-jupiter-icon-arrow-circle\" data-cacheid=\"icon-69f461f9cd32f\" xmlns=\"http:\/\/www.w3.org\/2000\/svg\" viewbox=\"0 0 512 512\"><path d=\"M240 24c115.2 0 209.6 94.4 209.6 209.6s-94.4 209.6-209.6 209.6-209.6-94.4-209.6-209.6 94.4-209.6 209.6-209.6zm0-30.4c-132.8 0-240 107.2-240 240s107.2 240 240 240 240-107.2 240-240-107.2-240-240-240zm16 336c-4.8 0-8-1.6-11.2-4.8-6.4-6.4-6.4-16 0-22.4l68.8-68.8-68.8-68.8c-6.4-6.4-6.4-16 0-22.4s16-6.4 22.4 0l80 80c6.4 6.4 6.4 16 0 22.4l-80 80c-3.2 3.2-8 4.8-11.2 4.8zm80-80h-192c-9.6 0-16-6.4-16-16s6.4-16 16-16h192c9.6 0 16 6.4 16 16s-8 16-16 16z\"\/><\/svg><\/a>        <\/div>\r\n        <div class=\"portfolio-meta-wrapper\">\r\n            <h3 class=\"the-title\"><a target=\"_self\" href=\"https:\/\/eregistar.capljina.ba\/en\/registar\/05-01-prijevremeni-upis-djece-u-i-razred-osnovne-skole\/\">05.01.   Prijevremeni upis djece u I razred osnovne \u0161kole<\/a><\/h3><div class=\"clearboth\"><\/div>\t<div class=\"portfolio-categories\"><a href=\"https:\/\/eregistar.capljina.ba\/en\/kategorija\/administrativni-postupci\/\">Administrativni postupci<\/a>, <a href=\"https:\/\/eregistar.capljina.ba\/en\/kategorija\/drustvene-djelatnosti\/\">Dru\u0161tvene djelatnosti<\/a>, <a href=\"https:\/\/eregistar.capljina.ba\/en\/kategorija\/sluzba-drustvenih-djelatnosti\/\">Slu\u017eba dru\u0161tvenih djelatnosti<\/a><\/div>\r\n<p class=\"the-excerpt\"><\/p>        <\/div>\r\n    <\/div>\r\n<\/article>\r\n\r\n\r\n\r\n\r\n\r\n\r\n<article id=\"7517\" class=\"mk-portfolio-item mk-portfolio-classic-item one-column administrativni-postupci drustvene-djelatnosti sluzba-drustvenih-djelatnosti\">\r\n    <div class=\"item-holder\">\r\n                <div class=\"featured-image js-taphover\">\r\n            <img loading=\"lazy\" decoding=\"async\" alt=\"05.02.   Odgoda po\u010detka obveznog upisa u I razred osnovne \u0161kole\" title=\"05.02.   Odgoda po\u010detka obveznog upisa u I razred osnovne \u0161kole\" src=\"https:\/\/eregistar.capljina.ba\/wp-content\/uploads\/bfi_thumb\/dummy-transparent-mtvazs4x65493jg37cimuev6o5yvclm1zauc1wmtvq.png\" data-mk-image-src-set='{\"default\":\"https:\\\/\\\/eregistar.capljina.ba\\\/wp-content\\\/uploads\\\/bfi_thumb\\\/banner-op-1n-nq7hc01lfqjktlm84xuqnf58hmjm9vdh12syqpf4cm.jpg\",\"2x\":\"\",\"mobile\":\"https:\\\/\\\/eregistar.capljina.ba\\\/wp-content\\\/uploads\\\/bfi_thumb\\\/banner-op-1n-3106csy62elcilrx5uiy5rert88s3prdwyaawihqo6zqf6la4.jpg\"}' width=\"770\" height=\"7\"  \/>\r\n            <div class=\"image-hover-overlay\"><\/div>\r\n            \r\n<a class=\"hover-icon from-left project-load\" target=\"_self\" href=\"https:\/\/eregistar.capljina.ba\/en\/registar\/05-02-odgoda-pocetka-obveznog-upisa-u-i-razred-osnovne-skole\/\" data-post-id=\"7517\"><svg  class=\"mk-svg-icon\" data-name=\"mk-jupiter-icon-arrow-circle\" data-cacheid=\"icon-69f461f9ceb91\" xmlns=\"http:\/\/www.w3.org\/2000\/svg\" viewbox=\"0 0 512 512\"><path d=\"M240 24c115.2 0 209.6 94.4 209.6 209.6s-94.4 209.6-209.6 209.6-209.6-94.4-209.6-209.6 94.4-209.6 209.6-209.6zm0-30.4c-132.8 0-240 107.2-240 240s107.2 240 240 240 240-107.2 240-240-107.2-240-240-240zm16 336c-4.8 0-8-1.6-11.2-4.8-6.4-6.4-6.4-16 0-22.4l68.8-68.8-68.8-68.8c-6.4-6.4-6.4-16 0-22.4s16-6.4 22.4 0l80 80c6.4 6.4 6.4 16 0 22.4l-80 80c-3.2 3.2-8 4.8-11.2 4.8zm80-80h-192c-9.6 0-16-6.4-16-16s6.4-16 16-16h192c9.6 0 16 6.4 16 16s-8 16-16 16z\"\/><\/svg><\/a>        <\/div>\r\n        <div class=\"portfolio-meta-wrapper\">\r\n            <h3 class=\"the-title\"><a target=\"_self\" href=\"https:\/\/eregistar.capljina.ba\/en\/registar\/05-02-odgoda-pocetka-obveznog-upisa-u-i-razred-osnovne-skole\/\">05.02.   Odgoda po\u010detka obveznog upisa u I razred osnovne \u0161kole<\/a><\/h3><div class=\"clearboth\"><\/div>\t<div class=\"portfolio-categories\"><a href=\"https:\/\/eregistar.capljina.ba\/en\/kategorija\/administrativni-postupci\/\">Administrativni postupci<\/a>, <a href=\"https:\/\/eregistar.capljina.ba\/en\/kategorija\/drustvene-djelatnosti\/\">Dru\u0161tvene djelatnosti<\/a>, <a href=\"https:\/\/eregistar.capljina.ba\/en\/kategorija\/sluzba-drustvenih-djelatnosti\/\">Slu\u017eba dru\u0161tvenih djelatnosti<\/a><\/div>\r\n<p class=\"the-excerpt\"><\/p>        <\/div>\r\n    <\/div>\r\n<\/article>\r\n\r\n\r\n\r\n\r\n\r\n\r\n<article id=\"7515\" class=\"mk-portfolio-item mk-portfolio-classic-item one-column administrativni-postupci drustvene-djelatnosti sluzba-drustvenih-djelatnosti\">\r\n    <div class=\"item-holder\">\r\n                <div class=\"featured-image js-taphover\">\r\n            <img loading=\"lazy\" decoding=\"async\" alt=\"05.03.   Dodjela nov\u010dane potpore studentima\" title=\"05.03.   Dodjela nov\u010dane potpore studentima\" src=\"https:\/\/eregistar.capljina.ba\/wp-content\/uploads\/bfi_thumb\/dummy-transparent-mtvazs4x65493jg37cimuev6o5yvclm1zauc1wmtvq.png\" data-mk-image-src-set='{\"default\":\"https:\\\/\\\/eregistar.capljina.ba\\\/wp-content\\\/uploads\\\/bfi_thumb\\\/banner-op-1n-nq7hc01lfqjktlm84xuqnf58hmjm9vdh12syqpf4cm.jpg\",\"2x\":\"\",\"mobile\":\"https:\\\/\\\/eregistar.capljina.ba\\\/wp-content\\\/uploads\\\/bfi_thumb\\\/banner-op-1n-3106csy62elcilrx5uiy5rert88s3prdwyaawihqo6zqf6la4.jpg\"}' width=\"770\" height=\"7\"  \/>\r\n            <div class=\"image-hover-overlay\"><\/div>\r\n            \r\n<a class=\"hover-icon from-left project-load\" target=\"_self\" href=\"https:\/\/eregistar.capljina.ba\/en\/registar\/05-03-dodjela-novcane-potpore-studentima\/\" data-post-id=\"7515\"><svg  class=\"mk-svg-icon\" data-name=\"mk-jupiter-icon-arrow-circle\" data-cacheid=\"icon-69f461f9cfa11\" xmlns=\"http:\/\/www.w3.org\/2000\/svg\" viewbox=\"0 0 512 512\"><path d=\"M240 24c115.2 0 209.6 94.4 209.6 209.6s-94.4 209.6-209.6 209.6-209.6-94.4-209.6-209.6 94.4-209.6 209.6-209.6zm0-30.4c-132.8 0-240 107.2-240 240s107.2 240 240 240 240-107.2 240-240-107.2-240-240-240zm16 336c-4.8 0-8-1.6-11.2-4.8-6.4-6.4-6.4-16 0-22.4l68.8-68.8-68.8-68.8c-6.4-6.4-6.4-16 0-22.4s16-6.4 22.4 0l80 80c6.4 6.4 6.4 16 0 22.4l-80 80c-3.2 3.2-8 4.8-11.2 4.8zm80-80h-192c-9.6 0-16-6.4-16-16s6.4-16 16-16h192c9.6 0 16 6.4 16 16s-8 16-16 16z\"\/><\/svg><\/a>        <\/div>\r\n        <div class=\"portfolio-meta-wrapper\">\r\n            <h3 class=\"the-title\"><a target=\"_self\" href=\"https:\/\/eregistar.capljina.ba\/en\/registar\/05-03-dodjela-novcane-potpore-studentima\/\">05.03.   Dodjela nov\u010dane potpore studentima<\/a><\/h3><div class=\"clearboth\"><\/div>\t<div class=\"portfolio-categories\"><a href=\"https:\/\/eregistar.capljina.ba\/en\/kategorija\/administrativni-postupci\/\">Administrativni postupci<\/a>, <a href=\"https:\/\/eregistar.capljina.ba\/en\/kategorija\/drustvene-djelatnosti\/\">Dru\u0161tvene djelatnosti<\/a>, <a href=\"https:\/\/eregistar.capljina.ba\/en\/kategorija\/sluzba-drustvenih-djelatnosti\/\">Slu\u017eba dru\u0161tvenih djelatnosti<\/a><\/div>\r\n<p class=\"the-excerpt\"><\/p>        <\/div>\r\n    <\/div>\r\n<\/article>\r\n\r\n\r\n\r\n\r\n\r\n\r\n<article id=\"7513\" class=\"mk-portfolio-item mk-portfolio-classic-item one-column administrativni-postupci drustvene-djelatnosti sluzba-drustvenih-djelatnosti\">\r\n    <div class=\"item-holder\">\r\n                <div class=\"featured-image js-taphover\">\r\n            <img loading=\"lazy\" decoding=\"async\" alt=\"05.04.   Uvjerenje da nije korisnik\/ca nov\u010dane potpore\" title=\"05.04.   Uvjerenje da nije korisnik\/ca nov\u010dane potpore\" src=\"https:\/\/eregistar.capljina.ba\/wp-content\/uploads\/bfi_thumb\/dummy-transparent-mtvazs4x65493jg37cimuev6o5yvclm1zauc1wmtvq.png\" data-mk-image-src-set='{\"default\":\"https:\\\/\\\/eregistar.capljina.ba\\\/wp-content\\\/uploads\\\/bfi_thumb\\\/banner-op-1n-nq7hc01lfqjktlm84xuqnf58hmjm9vdh12syqpf4cm.jpg\",\"2x\":\"\",\"mobile\":\"https:\\\/\\\/eregistar.capljina.ba\\\/wp-content\\\/uploads\\\/bfi_thumb\\\/banner-op-1n-3106csy62elcilrx5uiy5rert88s3prdwyaawihqo6zqf6la4.jpg\"}' width=\"770\" height=\"7\"  \/>\r\n            <div class=\"image-hover-overlay\"><\/div>\r\n            \r\n<a class=\"hover-icon from-left project-load\" target=\"_self\" href=\"https:\/\/eregistar.capljina.ba\/en\/registar\/05-04-uvjerenje-da-nije-korisnik-ca-novcane-potpore\/\" data-post-id=\"7513\"><svg  class=\"mk-svg-icon\" data-name=\"mk-jupiter-icon-arrow-circle\" data-cacheid=\"icon-69f461f9d0746\" xmlns=\"http:\/\/www.w3.org\/2000\/svg\" viewbox=\"0 0 512 512\"><path d=\"M240 24c115.2 0 209.6 94.4 209.6 209.6s-94.4 209.6-209.6 209.6-209.6-94.4-209.6-209.6 94.4-209.6 209.6-209.6zm0-30.4c-132.8 0-240 107.2-240 240s107.2 240 240 240 240-107.2 240-240-107.2-240-240-240zm16 336c-4.8 0-8-1.6-11.2-4.8-6.4-6.4-6.4-16 0-22.4l68.8-68.8-68.8-68.8c-6.4-6.4-6.4-16 0-22.4s16-6.4 22.4 0l80 80c6.4 6.4 6.4 16 0 22.4l-80 80c-3.2 3.2-8 4.8-11.2 4.8zm80-80h-192c-9.6 0-16-6.4-16-16s6.4-16 16-16h192c9.6 0 16 6.4 16 16s-8 16-16 16z\"\/><\/svg><\/a>        <\/div>\r\n        <div class=\"portfolio-meta-wrapper\">\r\n            <h3 class=\"the-title\"><a target=\"_self\" href=\"https:\/\/eregistar.capljina.ba\/en\/registar\/05-04-uvjerenje-da-nije-korisnik-ca-novcane-potpore\/\">05.04.   Uvjerenje da nije korisnik\/ca nov\u010dane potpore<\/a><\/h3><div class=\"clearboth\"><\/div>\t<div class=\"portfolio-categories\"><a href=\"https:\/\/eregistar.capljina.ba\/en\/kategorija\/administrativni-postupci\/\">Administrativni postupci<\/a>, <a href=\"https:\/\/eregistar.capljina.ba\/en\/kategorija\/drustvene-djelatnosti\/\">Dru\u0161tvene djelatnosti<\/a>, <a href=\"https:\/\/eregistar.capljina.ba\/en\/kategorija\/sluzba-drustvenih-djelatnosti\/\">Slu\u017eba dru\u0161tvenih djelatnosti<\/a><\/div>\r\n<p class=\"the-excerpt\"><\/p>        <\/div>\r\n    <\/div>\r\n<\/article>\r\n\r\n\r\n\r\n\r\n\r\n\r\n<article id=\"7511\" class=\"mk-portfolio-item mk-portfolio-classic-item one-column administrativni-postupci drustvene-djelatnosti sluzba-drustvenih-djelatnosti\">\r\n    <div class=\"item-holder\">\r\n                <div class=\"featured-image js-taphover\">\r\n            <img loading=\"lazy\" decoding=\"async\" alt=\"05.05.   Javni poziv za predlaganje sufinanciranja projekta i\/ili manifestacija\/doga\u0111aja\/grant\" title=\"05.05.   Javni poziv za predlaganje sufinanciranja projekta i\/ili manifestacija\/doga\u0111aja\/grant\" src=\"https:\/\/eregistar.capljina.ba\/wp-content\/uploads\/bfi_thumb\/dummy-transparent-mtvazs4x65493jg37cimuev6o5yvclm1zauc1wmtvq.png\" data-mk-image-src-set='{\"default\":\"https:\\\/\\\/eregistar.capljina.ba\\\/wp-content\\\/uploads\\\/bfi_thumb\\\/banner-op-1n-nq7hc01lfqjktlm84xuqnf58hmjm9vdh12syqpf4cm.jpg\",\"2x\":\"\",\"mobile\":\"https:\\\/\\\/eregistar.capljina.ba\\\/wp-content\\\/uploads\\\/bfi_thumb\\\/banner-op-1n-3106csy62elcilrx5uiy5rert88s3prdwyaawihqo6zqf6la4.jpg\"}' width=\"770\" height=\"7\"  \/>\r\n            <div class=\"image-hover-overlay\"><\/div>\r\n            \r\n<a class=\"hover-icon from-left project-load\" target=\"_self\" href=\"https:\/\/eregistar.capljina.ba\/en\/registar\/05-05-javni-poziv-za-predlaganje-sufinanciranja-projekta-i-ili-manifestacija-dogadaja-grant\/\" data-post-id=\"7511\"><svg  class=\"mk-svg-icon\" data-name=\"mk-jupiter-icon-arrow-circle\" data-cacheid=\"icon-69f461f9d13cd\" xmlns=\"http:\/\/www.w3.org\/2000\/svg\" viewbox=\"0 0 512 512\"><path d=\"M240 24c115.2 0 209.6 94.4 209.6 209.6s-94.4 209.6-209.6 209.6-209.6-94.4-209.6-209.6 94.4-209.6 209.6-209.6zm0-30.4c-132.8 0-240 107.2-240 240s107.2 240 240 240 240-107.2 240-240-107.2-240-240-240zm16 336c-4.8 0-8-1.6-11.2-4.8-6.4-6.4-6.4-16 0-22.4l68.8-68.8-68.8-68.8c-6.4-6.4-6.4-16 0-22.4s16-6.4 22.4 0l80 80c6.4 6.4 6.4 16 0 22.4l-80 80c-3.2 3.2-8 4.8-11.2 4.8zm80-80h-192c-9.6 0-16-6.4-16-16s6.4-16 16-16h192c9.6 0 16 6.4 16 16s-8 16-16 16z\"\/><\/svg><\/a>        <\/div>\r\n        <div class=\"portfolio-meta-wrapper\">\r\n            <h3 class=\"the-title\"><a target=\"_self\" href=\"https:\/\/eregistar.capljina.ba\/en\/registar\/05-05-javni-poziv-za-predlaganje-sufinanciranja-projekta-i-ili-manifestacija-dogadaja-grant\/\">05.05.   Javni poziv za predlaganje sufinanciranja projekta i\/ili manifestacija\/doga\u0111aja\/grant<\/a><\/h3><div class=\"clearboth\"><\/div>\t<div class=\"portfolio-categories\"><a href=\"https:\/\/eregistar.capljina.ba\/en\/kategorija\/administrativni-postupci\/\">Administrativni postupci<\/a>, <a href=\"https:\/\/eregistar.capljina.ba\/en\/kategorija\/drustvene-djelatnosti\/\">Dru\u0161tvene djelatnosti<\/a>, <a href=\"https:\/\/eregistar.capljina.ba\/en\/kategorija\/sluzba-drustvenih-djelatnosti\/\">Slu\u017eba dru\u0161tvenih djelatnosti<\/a><\/div>\r\n<p class=\"the-excerpt\"><\/p>        <\/div>\r\n    <\/div>\r\n<\/article>\r\n\r\n\r\n\r\n\r\n\r\n\r\n<article id=\"7509\" class=\"mk-portfolio-item mk-portfolio-classic-item one-column administrativni-postupci drustvene-djelatnosti sluzba-drustvenih-djelatnosti\">\r\n    <div class=\"item-holder\">\r\n                <div class=\"featured-image js-taphover\">\r\n            <img loading=\"lazy\" decoding=\"async\" alt=\"05.06.   Prijevoz u\u010denika osnovnih i srednjih \u0161kola\" title=\"05.06.   Prijevoz u\u010denika osnovnih i srednjih \u0161kola\" src=\"https:\/\/eregistar.capljina.ba\/wp-content\/uploads\/bfi_thumb\/dummy-transparent-mtvazs4x65493jg37cimuev6o5yvclm1zauc1wmtvq.png\" data-mk-image-src-set='{\"default\":\"https:\\\/\\\/eregistar.capljina.ba\\\/wp-content\\\/uploads\\\/bfi_thumb\\\/banner-op-1n-nq7hc01lfqjktlm84xuqnf58hmjm9vdh12syqpf4cm.jpg\",\"2x\":\"\",\"mobile\":\"https:\\\/\\\/eregistar.capljina.ba\\\/wp-content\\\/uploads\\\/bfi_thumb\\\/banner-op-1n-3106csy62elcilrx5uiy5rert88s3prdwyaawihqo6zqf6la4.jpg\"}' width=\"770\" height=\"7\"  \/>\r\n            <div class=\"image-hover-overlay\"><\/div>\r\n            \r\n<a class=\"hover-icon from-left project-load\" target=\"_self\" href=\"https:\/\/eregistar.capljina.ba\/en\/registar\/05-06-prijevoz-ucenika-osnovnih-i-srednjih-skola\/\" data-post-id=\"7509\"><svg  class=\"mk-svg-icon\" data-name=\"mk-jupiter-icon-arrow-circle\" data-cacheid=\"icon-69f461f9d203c\" xmlns=\"http:\/\/www.w3.org\/2000\/svg\" viewbox=\"0 0 512 512\"><path d=\"M240 24c115.2 0 209.6 94.4 209.6 209.6s-94.4 209.6-209.6 209.6-209.6-94.4-209.6-209.6 94.4-209.6 209.6-209.6zm0-30.4c-132.8 0-240 107.2-240 240s107.2 240 240 240 240-107.2 240-240-107.2-240-240-240zm16 336c-4.8 0-8-1.6-11.2-4.8-6.4-6.4-6.4-16 0-22.4l68.8-68.8-68.8-68.8c-6.4-6.4-6.4-16 0-22.4s16-6.4 22.4 0l80 80c6.4 6.4 6.4 16 0 22.4l-80 80c-3.2 3.2-8 4.8-11.2 4.8zm80-80h-192c-9.6 0-16-6.4-16-16s6.4-16 16-16h192c9.6 0 16 6.4 16 16s-8 16-16 16z\"\/><\/svg><\/a>        <\/div>\r\n        <div class=\"portfolio-meta-wrapper\">\r\n            <h3 class=\"the-title\"><a target=\"_self\" href=\"https:\/\/eregistar.capljina.ba\/en\/registar\/05-06-prijevoz-ucenika-osnovnih-i-srednjih-skola\/\">05.06.   Prijevoz u\u010denika osnovnih i srednjih \u0161kola<\/a><\/h3><div class=\"clearboth\"><\/div>\t<div class=\"portfolio-categories\"><a href=\"https:\/\/eregistar.capljina.ba\/en\/kategorija\/administrativni-postupci\/\">Administrativni postupci<\/a>, <a href=\"https:\/\/eregistar.capljina.ba\/en\/kategorija\/drustvene-djelatnosti\/\">Dru\u0161tvene djelatnosti<\/a>, <a href=\"https:\/\/eregistar.capljina.ba\/en\/kategorija\/sluzba-drustvenih-djelatnosti\/\">Slu\u017eba dru\u0161tvenih djelatnosti<\/a><\/div>\r\n<p class=\"the-excerpt\"><\/p>        <\/div>\r\n    <\/div>\r\n<\/article>\r\n\r\n\r\n\r\n\r\n\r\n\r\n<article id=\"7507\" class=\"mk-portfolio-item mk-portfolio-classic-item one-column administrativni-postupci drustvene-djelatnosti sluzba-drustvenih-djelatnosti\">\r\n    <div class=\"item-holder\">\r\n                <div class=\"featured-image js-taphover\">\r\n            <img loading=\"lazy\" decoding=\"async\" alt=\"05.07.   Prijevoz djece s posebnim potrebama\" title=\"05.07.   Prijevoz djece s posebnim potrebama\" src=\"https:\/\/eregistar.capljina.ba\/wp-content\/uploads\/bfi_thumb\/dummy-transparent-mtvazs4x65493jg37cimuev6o5yvclm1zauc1wmtvq.png\" data-mk-image-src-set='{\"default\":\"https:\\\/\\\/eregistar.capljina.ba\\\/wp-content\\\/uploads\\\/bfi_thumb\\\/banner-op-1n-nq7hc01lfqjktlm84xuqnf58hmjm9vdh12syqpf4cm.jpg\",\"2x\":\"\",\"mobile\":\"https:\\\/\\\/eregistar.capljina.ba\\\/wp-content\\\/uploads\\\/bfi_thumb\\\/banner-op-1n-3106csy62elcilrx5uiy5rert88s3prdwyaawihqo6zqf6la4.jpg\"}' width=\"770\" height=\"7\"  \/>\r\n            <div class=\"image-hover-overlay\"><\/div>\r\n            \r\n<a class=\"hover-icon from-left project-load\" target=\"_self\" href=\"https:\/\/eregistar.capljina.ba\/en\/registar\/05-07-prijevoz-djece-s-posebnim-potrebama\/\" data-post-id=\"7507\"><svg  class=\"mk-svg-icon\" data-name=\"mk-jupiter-icon-arrow-circle\" data-cacheid=\"icon-69f461f9d2cd5\" xmlns=\"http:\/\/www.w3.org\/2000\/svg\" viewbox=\"0 0 512 512\"><path d=\"M240 24c115.2 0 209.6 94.4 209.6 209.6s-94.4 209.6-209.6 209.6-209.6-94.4-209.6-209.6 94.4-209.6 209.6-209.6zm0-30.4c-132.8 0-240 107.2-240 240s107.2 240 240 240 240-107.2 240-240-107.2-240-240-240zm16 336c-4.8 0-8-1.6-11.2-4.8-6.4-6.4-6.4-16 0-22.4l68.8-68.8-68.8-68.8c-6.4-6.4-6.4-16 0-22.4s16-6.4 22.4 0l80 80c6.4 6.4 6.4 16 0 22.4l-80 80c-3.2 3.2-8 4.8-11.2 4.8zm80-80h-192c-9.6 0-16-6.4-16-16s6.4-16 16-16h192c9.6 0 16 6.4 16 16s-8 16-16 16z\"\/><\/svg><\/a>        <\/div>\r\n        <div class=\"portfolio-meta-wrapper\">\r\n            <h3 class=\"the-title\"><a target=\"_self\" href=\"https:\/\/eregistar.capljina.ba\/en\/registar\/05-07-prijevoz-djece-s-posebnim-potrebama\/\">05.07.   Prijevoz djece s posebnim potrebama<\/a><\/h3><div class=\"clearboth\"><\/div>\t<div class=\"portfolio-categories\"><a href=\"https:\/\/eregistar.capljina.ba\/en\/kategorija\/administrativni-postupci\/\">Administrativni postupci<\/a>, <a href=\"https:\/\/eregistar.capljina.ba\/en\/kategorija\/drustvene-djelatnosti\/\">Dru\u0161tvene djelatnosti<\/a>, <a href=\"https:\/\/eregistar.capljina.ba\/en\/kategorija\/sluzba-drustvenih-djelatnosti\/\">Slu\u017eba dru\u0161tvenih djelatnosti<\/a><\/div>\r\n<p class=\"the-excerpt\"><\/p>        <\/div>\r\n    <\/div>\r\n<\/article>\r\n\r\n\r\n\r\n\r\n    <\/section>\r\n  \r\n     <input type=\"hidden\" id=\"safe_load_more\" name=\"safe_load_more\" value=\"4fd4b4342e\" \/><input type=\"hidden\" name=\"_wp_http_referer\" value=\"\/en\/wp-json\/wp\/v2\/pages\/7344\" \/><\/div>\r\n\r\n<\/div>\r\n\t<\/div>","protected":false},"excerpt":{"rendered":"ORGANIZACIJSKA JEDINICA Slu\u017eba dru\u0161tvenih djelatnosti DJELATNOST(I) Dru\u0161tvene djelatnosti KONTAKT PODACI NADLE\u017dNOG SLU\u017dBENIKA Snje\u017eana Grgi\u0107, Stru\u010dna savjetnica za \u0161kolstvo i zdravstvo Telefon: 036 805 052 E-mail: snjezana.grgic@capljina.ba SVRHA ADMINISTRATIVNOG POSTUPKA Odobrava se prijevoz u\u010denika s posebnim potrebama. PRAVNI OSNOV ADMINISTRATIVNOG POSTUPKA Zakon o upravnom postupku, \u010dlan 200. (\u201cSlu\u017ebene novine Federacije BiH\u201d, broj 9\/98 i 48\/99). Pristojba [...]","protected":false},"author":5,"featured_media":0,"parent":0,"menu_order":0,"comment_status":"closed","ping_status":"closed","template":"","meta":{"_exactmetrics_skip_tracking":false,"_exactmetrics_sitenote_active":false,"_exactmetrics_sitenote_note":"","_exactmetrics_sitenote_category":0,"footnotes":""},"class_list":["post-7344","page","type-page","status-publish","hentry"],"_links":{"self":[{"href":"https:\/\/eregistar.capljina.ba\/en\/wp-json\/wp\/v2\/pages\/7344","targetHints":{"allow":["GET"]}}],"collection":[{"href":"https:\/\/eregistar.capljina.ba\/en\/wp-json\/wp\/v2\/pages"}],"about":[{"href":"https:\/\/eregistar.capljina.ba\/en\/wp-json\/wp\/v2\/types\/page"}],"author":[{"embeddable":true,"href":"https:\/\/eregistar.capljina.ba\/en\/wp-json\/wp\/v2\/users\/5"}],"replies":[{"embeddable":true,"href":"https:\/\/eregistar.capljina.ba\/en\/wp-json\/wp\/v2\/comments?post=7344"}],"version-history":[{"count":2,"href":"https:\/\/eregistar.capljina.ba\/en\/wp-json\/wp\/v2\/pages\/7344\/revisions"}],"predecessor-version":[{"id":7347,"href":"https:\/\/eregistar.capljina.ba\/en\/wp-json\/wp\/v2\/pages\/7344\/revisions\/7347"}],"wp:attachment":[{"href":"https:\/\/eregistar.capljina.ba\/en\/wp-json\/wp\/v2\/media?parent=7344"}],"curies":[{"name":"wp","href":"https:\/\/api.w.org\/{rel}","templated":true}]}}