{"id":7400,"date":"2018-05-15T16:18:20","date_gmt":"2018-05-15T16:18:20","guid":{"rendered":"http:\/\/eregistar.capljina.ba\/?page_id=7400"},"modified":"2018-05-15T16:18:42","modified_gmt":"2018-05-15T16:18:42","slug":"inspekcijski-poslovi","status":"publish","type":"page","link":"https:\/\/eregistar.capljina.ba\/en\/inspekcijski-poslovi\/","title":{"rendered":"Inspekcijski poslovi"},"content":{"rendered":"<div class=\"wpb_row vc_row  mk-fullwidth-false  attched-false    vc_row-fluid  js-master-row\">\r\n\t\t\r\n\t\t\t\r\n<div style=\"\" class=\"vc_col-sm-12 wpb_column column_container  _ height-full\">\r\n\t<div class=\"vc_wp_search wpb_content_element\"><div class=\"widget widget_search\"><form class=\"mk-searchform\" method=\"get\" id=\"searchform\" action=\"https:\/\/eregistar.capljina.ba\/en\/\" data-trp-original-action=\"https:\/\/eregistar.capljina.ba\/en\">\r\n\r\n\t<input type=\"text\" class=\"text-input\" placeholder=\"Pretraga\" value=\"\" name=\"s\" id=\"s\" \/>\r\n\r\n\t<i><input value=\"\" type=\"submit\" class=\"search-button\" \/><svg  class=\"mk-svg-icon\" data-name=\"mk-icon-search\" data-cacheid=\"icon-69f223256f0ea\" xmlns=\"http:\/\/www.w3.org\/2000\/svg\" viewbox=\"0 0 1664 1792\"><path d=\"M1152 832q0-185-131.5-316.5t-316.5-131.5-316.5 131.5-131.5 316.5 131.5 316.5 316.5 131.5 316.5-131.5 131.5-316.5zm512 832q0 52-38 90t-90 38q-54 0-90-38l-343-342q-179 124-399 124-143 0-273.5-55.5t-225-150-150-225-55.5-273.5 55.5-273.5 150-225 225-150 273.5-55.5 273.5 55.5 225 150 150 225 55.5 273.5q0 220-124 399l343 343q37 37 37 90z\"\/><\/svg><\/i>\r\n\r\n<input type=\"hidden\" name=\"trp-form-language\" value=\"en\"\/><\/form> <\/div><\/div><\/div>\r\n\t<\/div>\r\n\r\n\r\n\r\n<div class=\"wpb_row vc_row  mk-fullwidth-false  attched-false    vc_row-fluid  js-master-row\">\r\n\t\t\r\n\t\t\t\r\n<div style=\"\" class=\"vc_col-sm-12 wpb_column column_container  _ height-full\">\r\n\t\r\n<div class=\"portfolio-grid\">\r\n\r\n\r\n    <section id=\"loop-1\" data-query=\"eyJwb3N0X3R5cGUiOiJwb3J0Zm9saW8iLCJjb3VudCI6Ii0xIiwib2Zmc2V0IjowLCJjYXRlZ29yaWVzIjoiaW5zcGVrY2lqc2tpLXBvc2xvdmkiLCJhdXRob3IiOiIiLCJwb3N0cyI6IiIsIm9yZGVyYnkiOiJkYXRlIiwib3JkZXIiOiJERVNDIn0=\" data-loop-atts=\"eyJzaG9ydGNvZGVfbmFtZSI6Im1rX3BvcnRmb2xpbyIsInN0eWxlIjoiY2xhc3NpYyIsImNvbHVtbiI6IjEiLCJhamF4IjoiZmFsc2UiLCJsYXlvdXQiOm51bGwsImhlaWdodCI6IjciLCJwYWdpbmF0aW9uIjoiZmFsc2UiLCJ0YXJnZXQiOiJfc2VsZiIsIm1ldGFfdHlwZSI6ImNhdGVnb3J5IiwicGVybWFsaW5rX2ljb24iOiJ0cnVlIiwiem9vbV9pY29uIjoiZmFsc2UiLCJncmlkX3NwYWNpbmciOjQsImhvdmVyX3NjZW5hcmlvcyI6InNsaWRlYm94IiwiaW1hZ2Vfc2l6ZSI6ImNyb3AiLCJleGNlcnB0X2xlbmd0aCI6MjAwLCJyIjowfQ==\" data-pagination-style=\"0\" data-max-pages=\"0\" data-loop-iterator=\"-1\" data-loop-categories=\"inspekcijski-poslovi\" data-loop-author=\"\" data-loop-posts=\"\" data-mk-component=\"Grid\" data-grid-config='{\"container\":\"#loop-1\", \"item\":\".mk-portfolio-item\"}' class=\"mk-portfolio-container js-loop js-el mk-portfolio-classic grid-spacing-true  clearfix\">\r\n    <div class=\"portfolio-loader\"><div><div class=\"mk-preloader\"><\/div><\/div><\/div>\r\n    \r\n\r\n\r\n<article id=\"7569\" class=\"mk-portfolio-item mk-portfolio-classic-item one-column administrativni-postupci inspekcijski-poslovi sluzba-gospodarstva\">\r\n    <div class=\"item-holder\">\r\n                <div class=\"featured-image js-taphover\">\r\n            <img loading=\"lazy\" decoding=\"async\" alt=\"03.20.   Ovjera normativa i cjenika\" title=\"03.20.   Ovjera normativa i cjenika\" src=\"https:\/\/eregistar.capljina.ba\/wp-content\/uploads\/bfi_thumb\/dummy-transparent-mtvazs4x65493jg37cimuev6o5yvclm1zauc1wmtvq.png\" data-mk-image-src-set='{\"default\":\"https:\\\/\\\/eregistar.capljina.ba\\\/wp-content\\\/uploads\\\/bfi_thumb\\\/banner-op-1n-nq7hc01lfqjktlm84xuqnf58hmjm9vdh12syqpf4cm.jpg\",\"2x\":\"\",\"mobile\":\"https:\\\/\\\/eregistar.capljina.ba\\\/wp-content\\\/uploads\\\/bfi_thumb\\\/banner-op-1n-3106csy62elcilrx5uiy5rert88s3prdwyaawihqo6zqf6la4.jpg\"}' width=\"770\" height=\"7\"  \/>\r\n            <div class=\"image-hover-overlay\"><\/div>\r\n            \r\n<a class=\"hover-icon from-left project-load\" target=\"_self\" href=\"https:\/\/eregistar.capljina.ba\/en\/registar\/03-20-ovjera-normativa-i-cjenika\/\" data-post-id=\"7569\"><svg  class=\"mk-svg-icon\" data-name=\"mk-jupiter-icon-arrow-circle\" data-cacheid=\"icon-69f223257de89\" xmlns=\"http:\/\/www.w3.org\/2000\/svg\" viewbox=\"0 0 512 512\"><path d=\"M240 24c115.2 0 209.6 94.4 209.6 209.6s-94.4 209.6-209.6 209.6-209.6-94.4-209.6-209.6 94.4-209.6 209.6-209.6zm0-30.4c-132.8 0-240 107.2-240 240s107.2 240 240 240 240-107.2 240-240-107.2-240-240-240zm16 336c-4.8 0-8-1.6-11.2-4.8-6.4-6.4-6.4-16 0-22.4l68.8-68.8-68.8-68.8c-6.4-6.4-6.4-16 0-22.4s16-6.4 22.4 0l80 80c6.4 6.4 6.4 16 0 22.4l-80 80c-3.2 3.2-8 4.8-11.2 4.8zm80-80h-192c-9.6 0-16-6.4-16-16s6.4-16 16-16h192c9.6 0 16 6.4 16 16s-8 16-16 16z\"\/><\/svg><\/a>        <\/div>\r\n        <div class=\"portfolio-meta-wrapper\">\r\n            <h3 class=\"the-title\"><a target=\"_self\" href=\"https:\/\/eregistar.capljina.ba\/en\/registar\/03-20-ovjera-normativa-i-cjenika\/\">03.20.   Ovjera normativa i cjenika<\/a><\/h3><div class=\"clearboth\"><\/div>\t<div class=\"portfolio-categories\"><a href=\"https:\/\/eregistar.capljina.ba\/en\/kategorija\/administrativni-postupci\/\">Administrativni postupci<\/a>, <a href=\"https:\/\/eregistar.capljina.ba\/en\/kategorija\/inspekcijski-poslovi\/\">Inspekcijski poslovi<\/a>, <a href=\"https:\/\/eregistar.capljina.ba\/en\/kategorija\/sluzba-gospodarstva\/\">Slu\u017eba gospodarstva<\/a><\/div>\r\n<p class=\"the-excerpt\"><\/p>        <\/div>\r\n    <\/div>\r\n<\/article>\r\n\r\n\r\n\r\n\r\n\r\n\r\n<article id=\"7565\" class=\"mk-portfolio-item mk-portfolio-classic-item one-column administrativni-postupci inspekcijski-poslovi sluzba-gospodarstva\">\r\n    <div class=\"item-holder\">\r\n                <div class=\"featured-image js-taphover\">\r\n            <img loading=\"lazy\" decoding=\"async\" alt=\"03.22.   Sanitarna suglasnost na projektnu dokumentaciju\" title=\"03.22.   Sanitarna suglasnost na projektnu dokumentaciju\" src=\"https:\/\/eregistar.capljina.ba\/wp-content\/uploads\/bfi_thumb\/dummy-transparent-mtvazs4x65493jg37cimuev6o5yvclm1zauc1wmtvq.png\" data-mk-image-src-set='{\"default\":\"https:\\\/\\\/eregistar.capljina.ba\\\/wp-content\\\/uploads\\\/bfi_thumb\\\/banner-op-1n-nq7hc01lfqjktlm84xuqnf58hmjm9vdh12syqpf4cm.jpg\",\"2x\":\"\",\"mobile\":\"https:\\\/\\\/eregistar.capljina.ba\\\/wp-content\\\/uploads\\\/bfi_thumb\\\/banner-op-1n-3106csy62elcilrx5uiy5rert88s3prdwyaawihqo6zqf6la4.jpg\"}' width=\"770\" height=\"7\"  \/>\r\n            <div class=\"image-hover-overlay\"><\/div>\r\n            \r\n<a class=\"hover-icon from-left project-load\" target=\"_self\" href=\"https:\/\/eregistar.capljina.ba\/en\/registar\/03-22-sanitarna-suglasnost-na-projektnu-dokumentaciju\/\" data-post-id=\"7565\"><svg  class=\"mk-svg-icon\" data-name=\"mk-jupiter-icon-arrow-circle\" data-cacheid=\"icon-69f223257fe6c\" xmlns=\"http:\/\/www.w3.org\/2000\/svg\" viewbox=\"0 0 512 512\"><path d=\"M240 24c115.2 0 209.6 94.4 209.6 209.6s-94.4 209.6-209.6 209.6-209.6-94.4-209.6-209.6 94.4-209.6 209.6-209.6zm0-30.4c-132.8 0-240 107.2-240 240s107.2 240 240 240 240-107.2 240-240-107.2-240-240-240zm16 336c-4.8 0-8-1.6-11.2-4.8-6.4-6.4-6.4-16 0-22.4l68.8-68.8-68.8-68.8c-6.4-6.4-6.4-16 0-22.4s16-6.4 22.4 0l80 80c6.4 6.4 6.4 16 0 22.4l-80 80c-3.2 3.2-8 4.8-11.2 4.8zm80-80h-192c-9.6 0-16-6.4-16-16s6.4-16 16-16h192c9.6 0 16 6.4 16 16s-8 16-16 16z\"\/><\/svg><\/a>        <\/div>\r\n        <div class=\"portfolio-meta-wrapper\">\r\n            <h3 class=\"the-title\"><a target=\"_self\" href=\"https:\/\/eregistar.capljina.ba\/en\/registar\/03-22-sanitarna-suglasnost-na-projektnu-dokumentaciju\/\">03.22.   Sanitarna suglasnost na projektnu dokumentaciju<\/a><\/h3><div class=\"clearboth\"><\/div>\t<div class=\"portfolio-categories\"><a href=\"https:\/\/eregistar.capljina.ba\/en\/kategorija\/administrativni-postupci\/\">Administrativni postupci<\/a>, <a href=\"https:\/\/eregistar.capljina.ba\/en\/kategorija\/inspekcijski-poslovi\/\">Inspekcijski poslovi<\/a>, <a href=\"https:\/\/eregistar.capljina.ba\/en\/kategorija\/sluzba-gospodarstva\/\">Slu\u017eba gospodarstva<\/a><\/div>\r\n<p class=\"the-excerpt\"><\/p>        <\/div>\r\n    <\/div>\r\n<\/article>\r\n\r\n\r\n\r\n\r\n\r\n\r\n<article id=\"7563\" class=\"mk-portfolio-item mk-portfolio-classic-item one-column administrativni-postupci inspekcijski-poslovi sluzba-gospodarstva\">\r\n    <div class=\"item-holder\">\r\n                <div class=\"featured-image js-taphover\">\r\n            <img loading=\"lazy\" decoding=\"async\" alt=\"03.23.   Sprovodnica\" title=\"03.23.   Sprovodnica\" src=\"https:\/\/eregistar.capljina.ba\/wp-content\/uploads\/bfi_thumb\/dummy-transparent-mtvazs4x65493jg37cimuev6o5yvclm1zauc1wmtvq.png\" data-mk-image-src-set='{\"default\":\"https:\\\/\\\/eregistar.capljina.ba\\\/wp-content\\\/uploads\\\/bfi_thumb\\\/banner-op-1n-nq7hc01lfqjktlm84xuqnf58hmjm9vdh12syqpf4cm.jpg\",\"2x\":\"\",\"mobile\":\"https:\\\/\\\/eregistar.capljina.ba\\\/wp-content\\\/uploads\\\/bfi_thumb\\\/banner-op-1n-3106csy62elcilrx5uiy5rert88s3prdwyaawihqo6zqf6la4.jpg\"}' width=\"770\" height=\"7\"  \/>\r\n            <div class=\"image-hover-overlay\"><\/div>\r\n            \r\n<a class=\"hover-icon from-left project-load\" target=\"_self\" href=\"https:\/\/eregistar.capljina.ba\/en\/registar\/03-23-sprovodnica\/\" data-post-id=\"7563\"><svg  class=\"mk-svg-icon\" data-name=\"mk-jupiter-icon-arrow-circle\" data-cacheid=\"icon-69f223258114c\" xmlns=\"http:\/\/www.w3.org\/2000\/svg\" viewbox=\"0 0 512 512\"><path d=\"M240 24c115.2 0 209.6 94.4 209.6 209.6s-94.4 209.6-209.6 209.6-209.6-94.4-209.6-209.6 94.4-209.6 209.6-209.6zm0-30.4c-132.8 0-240 107.2-240 240s107.2 240 240 240 240-107.2 240-240-107.2-240-240-240zm16 336c-4.8 0-8-1.6-11.2-4.8-6.4-6.4-6.4-16 0-22.4l68.8-68.8-68.8-68.8c-6.4-6.4-6.4-16 0-22.4s16-6.4 22.4 0l80 80c6.4 6.4 6.4 16 0 22.4l-80 80c-3.2 3.2-8 4.8-11.2 4.8zm80-80h-192c-9.6 0-16-6.4-16-16s6.4-16 16-16h192c9.6 0 16 6.4 16 16s-8 16-16 16z\"\/><\/svg><\/a>        <\/div>\r\n        <div class=\"portfolio-meta-wrapper\">\r\n            <h3 class=\"the-title\"><a target=\"_self\" href=\"https:\/\/eregistar.capljina.ba\/en\/registar\/03-23-sprovodnica\/\">03.23.   Sprovodnica<\/a><\/h3><div class=\"clearboth\"><\/div>\t<div class=\"portfolio-categories\"><a href=\"https:\/\/eregistar.capljina.ba\/en\/kategorija\/administrativni-postupci\/\">Administrativni postupci<\/a>, <a href=\"https:\/\/eregistar.capljina.ba\/en\/kategorija\/inspekcijski-poslovi\/\">Inspekcijski poslovi<\/a>, <a href=\"https:\/\/eregistar.capljina.ba\/en\/kategorija\/sluzba-gospodarstva\/\">Slu\u017eba gospodarstva<\/a><\/div>\r\n<p class=\"the-excerpt\"><\/p>        <\/div>\r\n    <\/div>\r\n<\/article>\r\n\r\n\r\n\r\n\r\n\r\n\r\n<article id=\"7561\" class=\"mk-portfolio-item mk-portfolio-classic-item one-column administrativni-postupci inspekcijski-poslovi sluzba-gospodarstva\">\r\n    <div class=\"item-holder\">\r\n                <div class=\"featured-image js-taphover\">\r\n            <img loading=\"lazy\" decoding=\"async\" alt=\"03.24.   Potvrda o grobnom mjestu\" title=\"03.24.   Potvrda o grobnom mjestu\" src=\"https:\/\/eregistar.capljina.ba\/wp-content\/uploads\/bfi_thumb\/dummy-transparent-mtvazs4x65493jg37cimuev6o5yvclm1zauc1wmtvq.png\" data-mk-image-src-set='{\"default\":\"https:\\\/\\\/eregistar.capljina.ba\\\/wp-content\\\/uploads\\\/bfi_thumb\\\/banner-op-1n-nq7hc01lfqjktlm84xuqnf58hmjm9vdh12syqpf4cm.jpg\",\"2x\":\"\",\"mobile\":\"https:\\\/\\\/eregistar.capljina.ba\\\/wp-content\\\/uploads\\\/bfi_thumb\\\/banner-op-1n-3106csy62elcilrx5uiy5rert88s3prdwyaawihqo6zqf6la4.jpg\"}' width=\"770\" height=\"7\"  \/>\r\n            <div class=\"image-hover-overlay\"><\/div>\r\n            \r\n<a class=\"hover-icon from-left project-load\" target=\"_self\" href=\"https:\/\/eregistar.capljina.ba\/en\/registar\/03-24-potvrda-o-grobnom-mjestu\/\" data-post-id=\"7561\"><svg  class=\"mk-svg-icon\" data-name=\"mk-jupiter-icon-arrow-circle\" data-cacheid=\"icon-69f2232582832\" xmlns=\"http:\/\/www.w3.org\/2000\/svg\" viewbox=\"0 0 512 512\"><path d=\"M240 24c115.2 0 209.6 94.4 209.6 209.6s-94.4 209.6-209.6 209.6-209.6-94.4-209.6-209.6 94.4-209.6 209.6-209.6zm0-30.4c-132.8 0-240 107.2-240 240s107.2 240 240 240 240-107.2 240-240-107.2-240-240-240zm16 336c-4.8 0-8-1.6-11.2-4.8-6.4-6.4-6.4-16 0-22.4l68.8-68.8-68.8-68.8c-6.4-6.4-6.4-16 0-22.4s16-6.4 22.4 0l80 80c6.4 6.4 6.4 16 0 22.4l-80 80c-3.2 3.2-8 4.8-11.2 4.8zm80-80h-192c-9.6 0-16-6.4-16-16s6.4-16 16-16h192c9.6 0 16 6.4 16 16s-8 16-16 16z\"\/><\/svg><\/a>        <\/div>\r\n        <div class=\"portfolio-meta-wrapper\">\r\n            <h3 class=\"the-title\"><a target=\"_self\" href=\"https:\/\/eregistar.capljina.ba\/en\/registar\/03-24-potvrda-o-grobnom-mjestu\/\">03.24.   Potvrda o grobnom mjestu<\/a><\/h3><div class=\"clearboth\"><\/div>\t<div class=\"portfolio-categories\"><a href=\"https:\/\/eregistar.capljina.ba\/en\/kategorija\/administrativni-postupci\/\">Administrativni postupci<\/a>, <a href=\"https:\/\/eregistar.capljina.ba\/en\/kategorija\/inspekcijski-poslovi\/\">Inspekcijski poslovi<\/a>, <a href=\"https:\/\/eregistar.capljina.ba\/en\/kategorija\/sluzba-gospodarstva\/\">Slu\u017eba gospodarstva<\/a><\/div>\r\n<p class=\"the-excerpt\"><\/p>        <\/div>\r\n    <\/div>\r\n<\/article>\r\n\r\n\r\n\r\n\r\n\r\n\r\n<article id=\"7559\" class=\"mk-portfolio-item mk-portfolio-classic-item one-column administrativni-postupci inspekcijski-poslovi sluzba-gospodarstva\">\r\n    <div class=\"item-holder\">\r\n                <div class=\"featured-image js-taphover\">\r\n            <img loading=\"lazy\" decoding=\"async\" alt=\"03.25.   Izlazak sanitarne inspekcije radi izrade zapisnika o robi kojoj je istekao rok valjanosti\" title=\"03.25.   Izlazak sanitarne inspekcije radi izrade zapisnika o robi kojoj je istekao rok valjanosti\" src=\"https:\/\/eregistar.capljina.ba\/wp-content\/uploads\/bfi_thumb\/dummy-transparent-mtvazs4x65493jg37cimuev6o5yvclm1zauc1wmtvq.png\" data-mk-image-src-set='{\"default\":\"https:\\\/\\\/eregistar.capljina.ba\\\/wp-content\\\/uploads\\\/bfi_thumb\\\/banner-op-1n-nq7hc01lfqjktlm84xuqnf58hmjm9vdh12syqpf4cm.jpg\",\"2x\":\"\",\"mobile\":\"https:\\\/\\\/eregistar.capljina.ba\\\/wp-content\\\/uploads\\\/bfi_thumb\\\/banner-op-1n-3106csy62elcilrx5uiy5rert88s3prdwyaawihqo6zqf6la4.jpg\"}' width=\"770\" height=\"7\"  \/>\r\n            <div class=\"image-hover-overlay\"><\/div>\r\n            \r\n<a class=\"hover-icon from-left project-load\" target=\"_self\" href=\"https:\/\/eregistar.capljina.ba\/en\/registar\/03-25-izlazak-sanitarne-inspekcije-radi-izrade-zapisnika-o-robi-kojoj-je-istekao-rok-valjanosti\/\" data-post-id=\"7559\"><svg  class=\"mk-svg-icon\" data-name=\"mk-jupiter-icon-arrow-circle\" data-cacheid=\"icon-69f2232583d8e\" xmlns=\"http:\/\/www.w3.org\/2000\/svg\" viewbox=\"0 0 512 512\"><path d=\"M240 24c115.2 0 209.6 94.4 209.6 209.6s-94.4 209.6-209.6 209.6-209.6-94.4-209.6-209.6 94.4-209.6 209.6-209.6zm0-30.4c-132.8 0-240 107.2-240 240s107.2 240 240 240 240-107.2 240-240-107.2-240-240-240zm16 336c-4.8 0-8-1.6-11.2-4.8-6.4-6.4-6.4-16 0-22.4l68.8-68.8-68.8-68.8c-6.4-6.4-6.4-16 0-22.4s16-6.4 22.4 0l80 80c6.4 6.4 6.4 16 0 22.4l-80 80c-3.2 3.2-8 4.8-11.2 4.8zm80-80h-192c-9.6 0-16-6.4-16-16s6.4-16 16-16h192c9.6 0 16 6.4 16 16s-8 16-16 16z\"\/><\/svg><\/a>        <\/div>\r\n        <div class=\"portfolio-meta-wrapper\">\r\n            <h3 class=\"the-title\"><a target=\"_self\" href=\"https:\/\/eregistar.capljina.ba\/en\/registar\/03-25-izlazak-sanitarne-inspekcije-radi-izrade-zapisnika-o-robi-kojoj-je-istekao-rok-valjanosti\/\">03.25.   Izlazak sanitarne inspekcije radi izrade zapisnika o robi kojoj je istekao rok valjanosti<\/a><\/h3><div class=\"clearboth\"><\/div>\t<div class=\"portfolio-categories\"><a href=\"https:\/\/eregistar.capljina.ba\/en\/kategorija\/administrativni-postupci\/\">Administrativni postupci<\/a>, <a href=\"https:\/\/eregistar.capljina.ba\/en\/kategorija\/inspekcijski-poslovi\/\">Inspekcijski poslovi<\/a>, <a href=\"https:\/\/eregistar.capljina.ba\/en\/kategorija\/sluzba-gospodarstva\/\">Slu\u017eba gospodarstva<\/a><\/div>\r\n<p class=\"the-excerpt\"><\/p>        <\/div>\r\n    <\/div>\r\n<\/article>\r\n\r\n\r\n\r\n\r\n    <\/section>\r\n  \r\n     <input type=\"hidden\" id=\"safe_load_more\" name=\"safe_load_more\" value=\"785ed91274\" \/><input type=\"hidden\" name=\"_wp_http_referer\" value=\"\/en\/wp-json\/wp\/v2\/pages\/7400\" \/><\/div>\r\n\r\n<\/div>\r\n\t<\/div>","protected":false},"excerpt":{"rendered":"ORGANIZACIJSKA JEDINICA Slu\u017eba gospodarstva DJELATNOST(I) Inspekcijski poslovi KONTAKT PODACI NADLE\u017dNOG SLU\u017dBENIKA Dijana Primorac, Sanitarni inspektor Telefon: 036 805 052 E-mail: primorac.dijana@capljina.ba SVRHA ADMINISTRATIVNOG POSTUPKA Izlazak sanitarne inspekcije radi izrade zapisnika o robi kojoj je istekao rok valjanosti. PRAVNI OSNOV ADMINISTRATIVNOG POSTUPKA Uredba o zdravstvenoj ispravnosti i zdravstvenom nadzoru nad namirnicama i predmetima op\u0107e upotrebe, \u010dlan [...]","protected":false},"author":5,"featured_media":0,"parent":0,"menu_order":0,"comment_status":"closed","ping_status":"closed","template":"","meta":{"_exactmetrics_skip_tracking":false,"_exactmetrics_sitenote_active":false,"_exactmetrics_sitenote_note":"","_exactmetrics_sitenote_category":0,"footnotes":""},"class_list":["post-7400","page","type-page","status-publish","hentry"],"_links":{"self":[{"href":"https:\/\/eregistar.capljina.ba\/en\/wp-json\/wp\/v2\/pages\/7400","targetHints":{"allow":["GET"]}}],"collection":[{"href":"https:\/\/eregistar.capljina.ba\/en\/wp-json\/wp\/v2\/pages"}],"about":[{"href":"https:\/\/eregistar.capljina.ba\/en\/wp-json\/wp\/v2\/types\/page"}],"author":[{"embeddable":true,"href":"https:\/\/eregistar.capljina.ba\/en\/wp-json\/wp\/v2\/users\/5"}],"replies":[{"embeddable":true,"href":"https:\/\/eregistar.capljina.ba\/en\/wp-json\/wp\/v2\/comments?post=7400"}],"version-history":[{"count":2,"href":"https:\/\/eregistar.capljina.ba\/en\/wp-json\/wp\/v2\/pages\/7400\/revisions"}],"predecessor-version":[{"id":7403,"href":"https:\/\/eregistar.capljina.ba\/en\/wp-json\/wp\/v2\/pages\/7400\/revisions\/7403"}],"wp:attachment":[{"href":"https:\/\/eregistar.capljina.ba\/en\/wp-json\/wp\/v2\/media?parent=7400"}],"curies":[{"name":"wp","href":"https:\/\/api.w.org\/{rel}","templated":true}]}}